{"id":2922,"date":"2026-01-24T14:43:25","date_gmt":"2026-01-24T13:43:25","guid":{"rendered":"https:\/\/www.dera-security.ch\/service\/2920-2\/"},"modified":"2026-03-17T16:44:36","modified_gmt":"2026-03-17T15:44:36","slug":"mobiles-ueberwachungssystem","status":"publish","type":"page","link":"https:\/\/www.dera-security.ch\/it\/servici-sicurezza\/mobiles-ueberwachungssystem\/","title":{"rendered":"Sistema di videosorveglianza mobile per ogni ambiente DERA SECURITY"},"content":{"rendered":"&#13;\n<p><strong data-start=\"500\" data-end=\"584\">Sistemi di sicurezza e videosorveglianza mobili per cantieri e molti altri luoghi<\/strong><\/p>&#13;\n&#13;\n<p>I sistemi di sicurezza e sorveglianza mobili proteggono i cantieri e altre aree. Prevengono furti e atti vandalici, oltre a impedire l&#8217;accesso non autorizzato. I sistemi sono rapidamente installati, il che li rende ideali per molti progetti.    <\/p>&#13;\n&#13;\n<h3 class=\"wp-block-heading\"><strong data-start=\"838\" data-end=\"863\">Installazione semplice<\/strong><\/h3>&#13;\n&#13;\n<p>Le unit\u00e0 mobili sono molto facili da installare e possono essere rapidamente spostate in un nuovo luogo. Questo \u00e8 importante perch\u00e9 molti cantieri cambiano spesso. I dispositivi possono essere alimentati elettricamente, ma funzionano anche con batterie e tecnologia solare, il che li rende molto flessibili.     <\/p>&#13;\n&#13;\n<h3 class=\"wp-block-heading\"><strong data-start=\"1192\" data-end=\"1211\">Telecamere moderne<\/strong><\/h3>&#13;\n&#13;\n<p>Le telecamere rilevano i movimenti e forniscono immagini nitide sia di giorno che di notte. In caso di eventi, si riceve immediatamente una notifica. Inoltre, \u00e8 possibile accedere alle telecamere in diretta tramite app, il che consente di reagire pi\u00f9 rapidamente. Le telecamere visibili scoraggiano i malintenzionati, aumentando cos\u00ec significativamente la sicurezza.      <\/p>&#13;\n&#13;\n<h3 class=\"wp-block-heading\"><strong data-start=\"1537\" data-end=\"1562\">Molteplici ambiti di utilizzo<\/strong><\/h3>&#13;\n&#13;\n<p>I sistemi mobili non sono adatti solo ai cantieri, ma anche a molti altri ambienti, ad esempio:  <\/p>&#13;\n\r\n<ul class=\"wp-block-list\">&#13;\n<li>\n<p data-start=\"1677\" data-end=\"1701\">aree di stoccaggio temporanee<\/p>\n<\/li>&#13;\n\r\n\r\n&#13;\n<li>\n<p data-start=\"1704\" data-end=\"1716\">parcheggi<\/p>\n<\/li>&#13;\n\r\n\r\n&#13;\n<li>\n<p data-start=\"1719\" data-end=\"1736\">Eventi<\/p>\n<\/li>&#13;\n\r\n\r\n&#13;\n<li>\n<p data-start=\"1739\" data-end=\"1757\">Impianti industriali<\/p>\n<\/li>&#13;\n\r\n\r\n&#13;\n<li>\n<p data-start=\"1760\" data-end=\"1789\">Aree agricole<\/p>\n<\/li>&#13;\n\r\n\r\n&#13;\n<li>\n<p data-start=\"1792\" data-end=\"1807\">Centri di riciclaggio<\/p>\n<\/li>&#13;\n\r\n\r\n&#13;\n<li>\n<p data-start=\"1810\" data-end=\"1832\">Edifici inuntilizzati<\/p>\n<\/li>&#13;\n<\/ul>\r\n&#13;\n<p>In questo modo si ottiene un sistema con molteplici possibilit\u00e0 di impiego.<\/p>&#13;\n&#13;\n<h3 class=\"wp-block-heading\"><strong data-start=\"1900\" data-end=\"1927\">Sicurezza espandibile<\/strong><\/h3>&#13;\n&#13;\n<p>I sistemi possono essere ampliati. In questo modo si crea un concetto di sicurezza completo. le possibili estensioni sono:  <\/p>&#13;\n\r\n<ul class=\"wp-block-list\">&#13;\n<li>\n<p data-start=\"2053\" data-end=\"2074\">Sistemi di allarme mobili<\/p>\n<\/li>&#13;\n\r\n\r\n&#13;\n<li>\n<p data-start=\"2077\" data-end=\"2097\">Controlli degli accessi<\/p>\n<\/li>&#13;\n\r\n\r\n&#13;\n<li>\n<p data-start=\"2100\" data-end=\"2132\">Altoparlanti per messaggi di avviso<\/p>\n<\/li>&#13;\n\r\n\r\n&#13;\n<li>\n<p data-start=\"2135\" data-end=\"2176\">Collegamento a una centrale di sicurezza<\/p>\n<\/li>&#13;\n\r\n\r\n&#13;\n<li>Illuminazione<\/li>&#13;\n<\/ul>\r\n&#13;\n<p>Inoltre, \u00e8 possibile combinare pi\u00f9 moduli, in modo che le soluzioni si adattino esattamente al vostro progetto. <\/p>&#13;\n&#13;\n<h3 class=\"wp-block-heading\"><strong data-start=\"2285\" data-end=\"2313\">Vantaggi per il vostro progetto<\/strong><\/h3>&#13;\n&#13;\n<p>Le soluzioni di sicurezza mobili riducono il rischio di danni e prevengono i furti, consentendo di risparmiare sui costi. Inoltre, si evitano i tempi di inattivit\u00e0. Le immagini nitide aiutano a far luce sugli eventi, aumentando cos\u00ec la sicurezza per dipendenti e visitatori.     <\/p>&#13;\n&#13;\n<h3 class=\"wp-block-heading\"><strong data-start=\"2594\" data-end=\"2616\">Semplice utilizzo<\/strong><\/h3>&#13;\n&#13;\n<p>L&#8217;utilizzo \u00e8 molto semplice. Tramite un&#8217;app \u00e8 possibile visualizzare il proprio sito in qualsiasi momento. Inoltre, \u00e8 possibile salvare gli eventi, mantenendo sempre una visione d&#8217;insieme. In definitiva, questo garantisce un maggiore controllo.    <\/p>&#13;\n&#13;\n<h3 class=\"wp-block-heading\"><strong data-start=\"2833\" data-end=\"2865\">Funzionamento tramite rete elettrica o batterie<\/strong><\/h3>&#13;\n&#13;\n<p>I sistemi possono essere alimentati tramite un collegamento elettrico, ma funzionano anche con batterie e tecnologia solare, rimanendo attivi anche senza alimentazione fissa. I dati vengono trasmessi tramite rete mobile, pertanto i sistemi funzionano in modo affidabile anche in luoghi remoti.    <\/p>&#13;\n&#13;\n<h3 class=\"wp-block-heading\"><strong data-start=\"3152\" data-end=\"3174\">Maggiori informazioni<\/strong><\/h3>&#13;\n&#13;\n<p>Ulteriori informazioni sulla videosorveglianza sono disponibili qui:<\/p>&#13;\n&#13;\n<p class=\"has-link-color wp-elements-996d7517da9e60ec75d32c263e9d6a68\"><a href=\"https:\/\/de.wikipedia.org\/wiki\/Video%C3%BCberwachung\">https:\/\/de.wikipedia.org\/wiki\/Video\u00fcberwachung<\/a><\/p>&#13;\n&#13;\n<h3 class=\"wp-block-heading\"><strong data-start=\"3282\" data-end=\"3306\">Consulenza e contatto<\/strong><\/h3>&#13;\n&#13;\n<p>Se avete domande, saremo lieti di consigliarvi. Inoltre, creiamo un concetto di sicurezza adatto per il tuo progetto.<\/p>&#13;\n&#13;\n<figure class=\"wp-block-image aligncenter size-full is-resized\"><img loading=\"lazy\" decoding=\"async\" width=\"880\" height=\"606\" class=\"wp-image-3818\" style=\"width: 389px; height: auto;\" src=\"https:\/\/www.dera-security.ch\/wp-content\/uploads\/2026\/03\/car-parking-surveillance.jpg\" alt=\"\" srcset=\"https:\/\/www.dera-security.ch\/wp-content\/uploads\/2026\/03\/car-parking-surveillance.jpg 880w, https:\/\/www.dera-security.ch\/wp-content\/uploads\/2026\/03\/car-parking-surveillance-300x207.jpg 300w, https:\/\/www.dera-security.ch\/wp-content\/uploads\/2026\/03\/car-parking-surveillance-768x529.jpg 768w\" sizes=\"auto, (max-width: 880px) 100vw, 880px\" \/><\/figure>&#13;\n","protected":false},"excerpt":{"rendered":"<p>&#13; Sistemi di sicurezza e videosorveglianza mobili per cantieri e molti altri luoghi &#13; &#13; I sistemi di sicurezza e [&hellip;]<\/p>\n","protected":false},"author":3,"featured_media":0,"parent":2869,"menu_order":0,"comment_status":"closed","ping_status":"closed","template":"","meta":{"om_disable_all_campaigns":false,"_uag_custom_page_level_css":"","_monsterinsights_skip_tracking":false,"_monsterinsights_sitenote_active":false,"_monsterinsights_sitenote_note":"","_monsterinsights_sitenote_category":0,"_uf_show_specific_survey":0,"_uf_disable_surveys":false,"site-sidebar-layout":"default","site-content-layout":"","ast-site-content-layout":"default","site-content-style":"default","site-sidebar-style":"default","ast-global-header-display":"","ast-banner-title-visibility":"","ast-main-header-display":"","ast-hfb-above-header-display":"","ast-hfb-below-header-display":"","ast-hfb-mobile-header-display":"","site-post-title":"","ast-breadcrumbs-content":"","ast-featured-img":"","footer-sml-layout":"","ast-disable-related-posts":"","theme-transparent-header-meta":"default","adv-header-id-meta":"","stick-header-meta":"","header-above-stick-meta":"","header-main-stick-meta":"","header-below-stick-meta":"","astra-migrate-meta-layouts":"default","ast-page-background-enabled":"default","ast-page-background-meta":{"desktop":{"background-color":"var(--ast-global-color-5)","background-image":"","background-repeat":"repeat","background-position":"center center","background-size":"auto","background-attachment":"scroll","background-type":"","background-media":"","overlay-type":"","overlay-color":"","overlay-opacity":"","overlay-gradient":""},"tablet":{"background-color":"","background-image":"","background-repeat":"repeat","background-position":"center center","background-size":"auto","background-attachment":"scroll","background-type":"","background-media":"","overlay-type":"","overlay-color":"","overlay-opacity":"","overlay-gradient":""},"mobile":{"background-color":"","background-image":"","background-repeat":"repeat","background-position":"center center","background-size":"auto","background-attachment":"scroll","background-type":"","background-media":"","overlay-type":"","overlay-color":"","overlay-opacity":"","overlay-gradient":""}},"ast-content-background-meta":{"desktop":{"background-color":"var(--ast-global-color-4)","background-image":"","background-repeat":"repeat","background-position":"center center","background-size":"auto","background-attachment":"scroll","background-type":"","background-media":"","overlay-type":"","overlay-color":"","overlay-opacity":"","overlay-gradient":""},"tablet":{"background-color":"var(--ast-global-color-4)","background-image":"","background-repeat":"repeat","background-position":"center center","background-size":"auto","background-attachment":"scroll","background-type":"","background-media":"","overlay-type":"","overlay-color":"","overlay-opacity":"","overlay-gradient":""},"mobile":{"background-color":"var(--ast-global-color-4)","background-image":"","background-repeat":"repeat","background-position":"center center","background-size":"auto","background-attachment":"scroll","background-type":"","background-media":"","overlay-type":"","overlay-color":"","overlay-opacity":"","overlay-gradient":""}},"footnotes":""},"class_list":["post-2922","page","type-page","status-publish","hentry"],"aioseo_notices":[],"uagb_featured_image_src":{"full":false,"thumbnail":false,"medium":false,"medium_large":false,"large":false,"1536x1536":false,"2048x2048":false},"uagb_author_info":{"display_name":"deraadministration","author_link":"https:\/\/www.dera-security.ch\/it\/author\/deraadministration\/"},"uagb_comment_info":0,"uagb_excerpt":"&#13; Sistemi di sicurezza e videosorveglianza mobili per cantieri e molti altri luoghi &#13; &#13; I sistemi di sicurezza e [&hellip;]","publishpress_future_action":{"enabled":false,"date":"2026-05-09 20:18:49","action":"change-status","newStatus":"draft","terms":[],"taxonomy":"translation_priority","extraData":[]},"publishpress_future_workflow_manual_trigger":{"enabledWorkflows":[]},"_links":{"self":[{"href":"https:\/\/www.dera-security.ch\/it\/wp-json\/wp\/v2\/pages\/2922","targetHints":{"allow":["GET"]}}],"collection":[{"href":"https:\/\/www.dera-security.ch\/it\/wp-json\/wp\/v2\/pages"}],"about":[{"href":"https:\/\/www.dera-security.ch\/it\/wp-json\/wp\/v2\/types\/page"}],"author":[{"embeddable":true,"href":"https:\/\/www.dera-security.ch\/it\/wp-json\/wp\/v2\/users\/3"}],"replies":[{"embeddable":true,"href":"https:\/\/www.dera-security.ch\/it\/wp-json\/wp\/v2\/comments?post=2922"}],"version-history":[{"count":7,"href":"https:\/\/www.dera-security.ch\/it\/wp-json\/wp\/v2\/pages\/2922\/revisions"}],"predecessor-version":[{"id":3878,"href":"https:\/\/www.dera-security.ch\/it\/wp-json\/wp\/v2\/pages\/2922\/revisions\/3878"}],"up":[{"embeddable":true,"href":"https:\/\/www.dera-security.ch\/it\/wp-json\/wp\/v2\/pages\/2869"}],"wp:attachment":[{"href":"https:\/\/www.dera-security.ch\/it\/wp-json\/wp\/v2\/media?parent=2922"}],"curies":[{"name":"wp","href":"https:\/\/api.w.org\/{rel}","templated":true}]}}