{"id":2902,"date":"2026-01-24T14:33:27","date_gmt":"2026-01-24T13:33:27","guid":{"rendered":"https:\/\/www.dera-security.ch\/service\/2900-2\/"},"modified":"2026-04-08T14:49:26","modified_gmt":"2026-04-08T12:49:26","slug":"revierdienste","status":"publish","type":"page","link":"https:\/\/www.dera-security.ch\/it\/servici-sicurezza\/revierdienste\/","title":{"rendered":"Servizi di pattugliamento professionali | DERA SECURITY"},"content":{"rendered":"&#13;\n<p>Desideri una sorveglianza professionale della tua propriet\u00e0 aziendale o proteggere <strong data-start=\"884\" data-end=\"900\">contemporaneamente<\/strong> un complesso residenziale da atti vandalici, furti e scassi? <strong data-start=\"971\" data-end=\"979\">Allora<\/strong> DERA SECURITY \u00e8 il tuo partner affidabile per servizi di pattugliamento professionali in Svizzera.<\/p>&#13;\n&#13;\n<p>Soprattutto in inverno, il rischio di aggressioni alla propriet\u00e0 o alle persone aumenta. <strong data-start=\"1168\" data-end=\"1179\">Pertanto<\/strong>, una presenza di sicurezza visibile \u00e8 particolarmente importante. <strong data-start=\"1237\" data-end=\"1246\">Attraverso<\/strong> giri di controllo regolari e misure mirate, la tua propriet\u00e0 sar\u00e0 efficacemente protetta.<\/p>&#13;\n<hr class=\"wp-block-separator has-alpha-channel-opacity\" \/>&#13;\n<h3 class=\"wp-block-heading\">Perch\u00e9 i servizi di pattugliamento sono particolarmente efficaci<\/h3>&#13;\n&#13;\n<p>I servizi di pattugliamento offrono un elevato fattore di protezione, <strong data-start=\"1435\" data-end=\"1441\">in quanto<\/strong> agiscono in modo preventivo. <strong data-start=\"1464\" data-end=\"1480\">In particolare<\/strong>, gli orari di controllo irregolari scoraggiano potenziali malintenzionati. <strong data-start=\"1547\" data-end=\"1556\">Inoltre<\/strong>, le forze di sicurezza possono individuare tempestivamente situazioni sospette e reagire immediatamente.<\/p>&#13;\n&#13;\n<p><strong data-start=\"1649\" data-end=\"1667\">Inoltre<\/strong>, i nostri dipendenti documentano ogni controllo in modo completo. <strong data-start=\"1730\" data-end=\"1739\">In questo modo<\/strong>, hai sempre una chiara panoramica dello stato di sicurezza del tuo immobile.<\/p>&#13;\n<hr class=\"wp-block-separator has-alpha-channel-opacity\" \/>&#13;\n<h3 class=\"wp-block-heading\">I nostri servizi di pattugliamento<\/h3>&#13;\n&#13;\n<p>I servizi di pattugliamento di DERA SECURITY comprendono <strong data-start=\"1915\" data-end=\"1932\">tra l&#8217;altro<\/strong>:<\/p>&#13;\n\r\n<ul class=\"wp-block-list\">&#13;\n<li>\n<p data-start=\"1937\" data-end=\"1990\">Pattugliamenti regolari secondo un piano individuale<\/p>\n<\/li>&#13;\n\r\n\r\n&#13;\n<li>\n<p data-start=\"1993\" data-end=\"2036\">Controllo di porte, cancelli e finestre<\/p>\n<\/li>&#13;\n\r\n\r\n&#13;\n<li>\n<p data-start=\"2039\" data-end=\"2085\">Controllo dell&#8217;illuminazione e delle aree esterne<\/p>\n<\/li>&#13;\n\r\n\r\n&#13;\n<li>\n<p data-start=\"2088\" data-end=\"2121\">Intervento in caso di segnalazioni di allarme<\/p>\n<\/li>&#13;\n\r\n\r\n&#13;\n<li>\n<p data-start=\"2124\" data-end=\"2174\">Documentazione di tutti gli interventi e le anomalie<\/p>\n<\/li>&#13;\n<\/ul>\r\n&#13;\n<p><strong data-start=\"2176\" data-end=\"2190\">Inoltre<\/strong>, adattiamo ogni servizio esattamente alle vostre esigenze. <strong data-start=\"2254\" data-end=\"2265\">In questo modo<\/strong>, otterrete una soluzione di sicurezza su misura.<\/p>&#13;\n<hr class=\"wp-block-separator has-alpha-channel-opacity\" \/>&#13;\n<h3 class=\"wp-block-heading\">Servizi di pattugliamento per aziende, complessi residenziali e cantieri<\/h3>&#13;\n&#13;\n<p>I nostri servizi di pattugliamento sono adatti <strong data-start=\"2422\" data-end=\"2439\">sia<\/strong> per aziende, complessi residenziali, cantieri edili e strutture pubbliche. <strong data-start=\"2515\" data-end=\"2526\">Mentre<\/strong> le aziende sono protette dai furti, i complessi residenziali beneficiano di maggiore tranquillit\u00e0 e sicurezza.<\/p>&#13;\n&#13;\n<p><strong data-start=\"2626\" data-end=\"2636\">Allo stesso modo<\/strong>, i cantieri sono efficacemente protetti da atti vandalici e accessi non autorizzati. <strong data-start=\"2714\" data-end=\"2731\">Di conseguenza<\/strong>, \u00e8 possibile ridurre significativamente danni e costi.<\/p>&#13;\n<hr class=\"wp-block-separator has-alpha-channel-opacity\" \/>&#13;\n<h3 class=\"wp-block-heading\">Il tuo partner per i servizi di pattugliamento in Svizzera<\/h3>&#13;\n&#13;\n<p>DERA SECURITY \u00e8 sinonimo di esperienza, affidabilit\u00e0 e professionalit\u00e0. <strong data-start=\"2913\" data-end=\"2921\">Grazie<\/strong> ai nostri addetti alla sicurezza qualificati e a una moderna pianificazione degli interventi, garantiamo i pi\u00f9 elevati standard di sicurezza.<\/p>&#13;\n&#13;\n<p><strong data-start=\"3044\" data-end=\"3060\">Infine<\/strong>, offriamo tutti i servizi da un&#8217;unica fonte: dalla consulenza alla pianificazione fino all&#8217;implementazione.<\/p>&#13;\n&#13;\n<p class=\"has-link-color wp-elements-2ecc4c8ae93b9a5941c1ad6db5d15740\">Una panoramica di tutti i servizi \u00e8 disponibile sulla nostra pagina:<br data-start=\"3230\" data-end=\"3233\"\/><a title=\"Servizio\" href=\"https:\/\/www.dera-security.ch\/it\/servici-sicurezza\/\"><strong data-start=\"3236\" data-end=\"3256\">Servizi<\/strong><\/a><\/p>&#13;\n&#13;\n<figure class=\"wp-block-image aligncenter size-large\"><img loading=\"lazy\" decoding=\"async\" width=\"1024\" height=\"768\" class=\"wp-image-3832\" src=\"https:\/\/www.dera-security.ch\/wp-content\/uploads\/2026\/03\/IMG-20260220-WA0016-1024x768.jpg\" alt=\"Radames Degenati con il veicolo operativo DERA SECURITY per servizi di sorveglianza a Glarona e in Ticino.\" srcset=\"https:\/\/www.dera-security.ch\/wp-content\/uploads\/2026\/03\/IMG-20260220-WA0016-1024x768.jpg 1024w, https:\/\/www.dera-security.ch\/wp-content\/uploads\/2026\/03\/IMG-20260220-WA0016-300x225.jpg 300w, https:\/\/www.dera-security.ch\/wp-content\/uploads\/2026\/03\/IMG-20260220-WA0016-768x576.jpg 768w, https:\/\/www.dera-security.ch\/wp-content\/uploads\/2026\/03\/IMG-20260220-WA0016-1536x1152.jpg 1536w, https:\/\/www.dera-security.ch\/wp-content\/uploads\/2026\/03\/IMG-20260220-WA0016.jpg 2048w\" sizes=\"auto, (max-width: 1024px) 100vw, 1024px\" \/><\/figure>&#13;\n","protected":false},"excerpt":{"rendered":"<p>&#13; Desideri una sorveglianza professionale della tua propriet\u00e0 aziendale o proteggere contemporaneamente un complesso residenziale da atti vandalici, furti e [&hellip;]<\/p>\n","protected":false},"author":3,"featured_media":3842,"parent":2869,"menu_order":0,"comment_status":"closed","ping_status":"closed","template":"","meta":{"om_disable_all_campaigns":false,"_uag_custom_page_level_css":"","_monsterinsights_skip_tracking":false,"_monsterinsights_sitenote_active":false,"_monsterinsights_sitenote_note":"","_monsterinsights_sitenote_category":0,"_uf_show_specific_survey":0,"_uf_disable_surveys":false,"site-sidebar-layout":"default","site-content-layout":"","ast-site-content-layout":"default","site-content-style":"default","site-sidebar-style":"default","ast-global-header-display":"","ast-banner-title-visibility":"","ast-main-header-display":"","ast-hfb-above-header-display":"","ast-hfb-below-header-display":"","ast-hfb-mobile-header-display":"","site-post-title":"","ast-breadcrumbs-content":"","ast-featured-img":"disabled","footer-sml-layout":"","ast-disable-related-posts":"","theme-transparent-header-meta":"default","adv-header-id-meta":"","stick-header-meta":"","header-above-stick-meta":"","header-main-stick-meta":"","header-below-stick-meta":"","astra-migrate-meta-layouts":"default","ast-page-background-enabled":"default","ast-page-background-meta":{"desktop":{"background-color":"var(--ast-global-color-5)","background-image":"","background-repeat":"repeat","background-position":"center center","background-size":"auto","background-attachment":"scroll","background-type":"","background-media":"","overlay-type":"","overlay-color":"","overlay-opacity":"","overlay-gradient":""},"tablet":{"background-color":"","background-image":"","background-repeat":"repeat","background-position":"center center","background-size":"auto","background-attachment":"scroll","background-type":"","background-media":"","overlay-type":"","overlay-color":"","overlay-opacity":"","overlay-gradient":""},"mobile":{"background-color":"","background-image":"","background-repeat":"repeat","background-position":"center center","background-size":"auto","background-attachment":"scroll","background-type":"","background-media":"","overlay-type":"","overlay-color":"","overlay-opacity":"","overlay-gradient":""}},"ast-content-background-meta":{"desktop":{"background-color":"var(--ast-global-color-4)","background-image":"","background-repeat":"repeat","background-position":"center center","background-size":"auto","background-attachment":"scroll","background-type":"","background-media":"","overlay-type":"","overlay-color":"","overlay-opacity":"","overlay-gradient":""},"tablet":{"background-color":"var(--ast-global-color-4)","background-image":"","background-repeat":"repeat","background-position":"center center","background-size":"auto","background-attachment":"scroll","background-type":"","background-media":"","overlay-type":"","overlay-color":"","overlay-opacity":"","overlay-gradient":""},"mobile":{"background-color":"var(--ast-global-color-4)","background-image":"","background-repeat":"repeat","background-position":"center center","background-size":"auto","background-attachment":"scroll","background-type":"","background-media":"","overlay-type":"","overlay-color":"","overlay-opacity":"","overlay-gradient":""}},"footnotes":""},"class_list":["post-2902","page","type-page","status-publish","has-post-thumbnail","hentry"],"aioseo_notices":[],"uagb_featured_image_src":{"full":["https:\/\/www.dera-security.ch\/wp-content\/uploads\/2026\/03\/IMG-20260220-WA0016.jpg",2048,1536,false],"thumbnail":["https:\/\/www.dera-security.ch\/wp-content\/uploads\/2026\/03\/IMG-20260220-WA0016-150x150.jpg",150,150,true],"medium":["https:\/\/www.dera-security.ch\/wp-content\/uploads\/2026\/03\/IMG-20260220-WA0016-300x225.jpg",300,225,true],"medium_large":["https:\/\/www.dera-security.ch\/wp-content\/uploads\/2026\/03\/IMG-20260220-WA0016-768x576.jpg",768,576,true],"large":["https:\/\/www.dera-security.ch\/wp-content\/uploads\/2026\/03\/IMG-20260220-WA0016-1024x768.jpg",1024,768,true],"1536x1536":["https:\/\/www.dera-security.ch\/wp-content\/uploads\/2026\/03\/IMG-20260220-WA0016-1536x1152.jpg",1536,1152,true],"2048x2048":["https:\/\/www.dera-security.ch\/wp-content\/uploads\/2026\/03\/IMG-20260220-WA0016.jpg",2048,1536,false]},"uagb_author_info":{"display_name":"deraadministration","author_link":"https:\/\/www.dera-security.ch\/it\/author\/deraadministration\/"},"uagb_comment_info":0,"uagb_excerpt":"&#13; Desideri una sorveglianza professionale della tua propriet\u00e0 aziendale o proteggere contemporaneamente un complesso residenziale da atti vandalici, furti e [&hellip;]","publishpress_future_action":{"enabled":false,"date":"2026-05-10 10:57:46","action":"change-status","newStatus":"draft","terms":[],"taxonomy":"translation_priority","extraData":[]},"publishpress_future_workflow_manual_trigger":{"enabledWorkflows":[]},"_links":{"self":[{"href":"https:\/\/www.dera-security.ch\/it\/wp-json\/wp\/v2\/pages\/2902","targetHints":{"allow":["GET"]}}],"collection":[{"href":"https:\/\/www.dera-security.ch\/it\/wp-json\/wp\/v2\/pages"}],"about":[{"href":"https:\/\/www.dera-security.ch\/it\/wp-json\/wp\/v2\/types\/page"}],"author":[{"embeddable":true,"href":"https:\/\/www.dera-security.ch\/it\/wp-json\/wp\/v2\/users\/3"}],"replies":[{"embeddable":true,"href":"https:\/\/www.dera-security.ch\/it\/wp-json\/wp\/v2\/comments?post=2902"}],"version-history":[{"count":14,"href":"https:\/\/www.dera-security.ch\/it\/wp-json\/wp\/v2\/pages\/2902\/revisions"}],"predecessor-version":[{"id":4081,"href":"https:\/\/www.dera-security.ch\/it\/wp-json\/wp\/v2\/pages\/2902\/revisions\/4081"}],"up":[{"embeddable":true,"href":"https:\/\/www.dera-security.ch\/it\/wp-json\/wp\/v2\/pages\/2869"}],"wp:featuredmedia":[{"embeddable":true,"href":"https:\/\/www.dera-security.ch\/it\/wp-json\/wp\/v2\/media\/3842"}],"wp:attachment":[{"href":"https:\/\/www.dera-security.ch\/it\/wp-json\/wp\/v2\/media?parent=2902"}],"curies":[{"name":"wp","href":"https:\/\/api.w.org\/{rel}","templated":true}]}}