{"id":2889,"date":"2026-01-24T14:18:40","date_gmt":"2026-01-24T13:18:40","guid":{"rendered":"https:\/\/www.dera-security.ch\/2887-2\/"},"modified":"2026-03-06T14:14:56","modified_gmt":"2026-03-06T13:14:56","slug":"vip-chauffeurservice","status":"publish","type":"page","link":"https:\/\/www.dera-security.ch\/it\/servici-sicurezza\/vip-chauffeurservice\/","title":{"rendered":"Autista VIP e servizio di chauffeur in Svizzera"},"content":{"rendered":"\n<p>Si faccia accompagnare professionalmente da esperti <strong data-start=\"505\" data-end=\"535\">autisti VIP in Svizzera<\/strong> e si goda un esclusivo servizio di chauffeur di altissimo livello. DERA-SECURITY \u00e8 sinonimo di sicurezza, discrezione e comfort e si rivolge a clienti esigenti del mondo economico, politico e privato.<\/p>\n\n<h2 class=\"wp-block-heading\">Servizio di chauffeur VIP professionale con le massime esigenze<\/h2>\n\n<p>I nostri <strong data-start=\"852\" data-end=\"870\">chauffeur VIP<\/strong> si assicurano che raggiunga la sua destinazione in modo sicuro, rilassato e puntuale. Combiniamo un servizio discreto con i pi\u00f9 elevati standard di sicurezza. Allo stesso tempo, attribuiamo grande importanza all&#8217;affidabilit\u00e0, alla professionalit\u00e0 e a un&#8217;assistenza personale durante ogni viaggio.<\/p>\n\n<p>Inoltre, ogni viaggio viene pianificato individualmente e adattato esattamente alle sue esigenze. Inoltre, i nostri clienti beneficiano di uno stile di guida tranquillo e sicuro, che garantisce la massima sicurezza anche in situazioni di traffico difficili.<\/p>\n\n<h2 class=\"wp-block-heading\">I suoi vantaggi con i nostri autisti VIP in Svizzera<\/h2>\n\n<p>Inoltre, con DERA-SECURITY beneficia di chiari vantaggi che contraddistinguono il nostro servizio di chauffeur:<\/p>\n\n<ul class=\"wp-block-list\">\n<li><p data-start=\"1566\" data-end=\"1625\">Molti anni di esperienza nel servizio di chauffeur e sicurezza<\/p><br \/><\/li>\n\n\n\n<li><p data-start=\"1628\" data-end=\"1678\">Autisti VIP e di sicurezza appositamente formati<\/p><br \/><\/li>\n\n\n\n<li><p data-start=\"1681\" data-end=\"1733\">Discrezione, puntualit\u00e0 e servizio personale<\/p><br \/><\/li>\n\n\n\n<li><p data-start=\"1736\" data-end=\"1792\">Guida sicura anche in condizioni difficili<\/p><br \/><\/li>\n<\/ul>\n\n<h2 class=\"wp-block-heading\">Autisti VIP esperti con formazione professionale<\/h2>\n\n<p>Tutti gli autisti VIP di DERA-SECURITY hanno una vasta esperienza nel servizio di chauffeur e sicurezza professionale. Molti dei nostri autisti hanno precedentemente lavorato nella protezione personale o nel trasporto di dirigenti. Questo permette loro di valutare le situazioni in modo lungimirante e di reagire in modo appropriato in qualsiasi momento.<\/p>\n\n<p>Inoltre, i nostri autisti vengono regolarmente formati e aggiornati. Attribuiamo la massima importanza soprattutto nei settori della sicurezza di guida, della formazione comportamentale e dell&#8217;assistenza clienti discreta.<\/p>\n\n<h2 class=\"wp-block-heading\">Servizio di chauffeur di DERA-SECURITY<\/h2>\n\n<p class=\"has-link-color wp-elements-1afceab560c728275bf5b3edf687882d\">Se desideri saperne di pi\u00f9 sulla nostra gamma completa di servizi, puoi trovare maggiori informazioni sulla nostra pagina relativa al<br data-start=\"2529\" data-end=\"2532\" \/><strong data-start=\"2535\" data-end=\"2575\"><a title=\"Contatto\" href=\"https:\/\/www.dera-security.ch\/it\/contatto\/\">servizio di chauffeur di DERA-SECURITY<\/a><\/strong><\/p>\n\n<p class=\"has-link-color wp-elements-b23d8655e9d7e652fcb87e1a9e27879c\">Inoltre, ci orientiamo a standard di sicurezza e prevenzione riconosciuti. Pu\u00f2 trovare informazioni esterne sul tema della sicurezza stradale, ad esempio, presso il<br data-start=\"2769\" data-end=\"2772\" \/><strong data-start=\"2775\" data-end=\"2820\"><a href=\"https:\/\/www.bfu.ch\">Servizio di consulenza per la prevenzione degli infortuni<\/a> <\/strong><\/p>\n\n<h2 class=\"wp-block-heading\">Conclusione: servizio di guida VIP ai massimi livelli<\/h2>\n\n<p>Infine, DERA-SECURITY \u00e8 sinonimo di un <strong data-start=\"2951\" data-end=\"2985\">servizio di guida VIP in Svizzera<\/strong> che unisce sicurezza, discrezione e comfort. Affidi la sua sicurezza all&#8217;esperienza, alla professionalit\u00e0 e a un servizio di chauffeur che non scende a compromessi.<\/p>\n\n<figure class=\"wp-block-image aligncenter\"><a href=\"http:\/\/www.dera-security.ch\/wp-content\/uploads\/2024\/10\/image2.jpg\"><img loading=\"lazy\" decoding=\"async\" width=\"298\" height=\"199\" src=\"http:\/\/www.dera-security.ch\/wp-content\/uploads\/2024\/10\/image2.jpg\" alt=\"\" class=\"wp-image-1291\" \/><\/a><\/figure>\n","protected":false},"excerpt":{"rendered":"<p>Si faccia accompagnare professionalmente da esperti autisti VIP in Svizzera e si goda un esclusivo servizio di chauffeur di altissimo [&hellip;]<\/p>\n","protected":false},"author":3,"featured_media":0,"parent":2869,"menu_order":0,"comment_status":"closed","ping_status":"closed","template":"","meta":{"om_disable_all_campaigns":false,"_uag_custom_page_level_css":"","_monsterinsights_skip_tracking":false,"_monsterinsights_sitenote_active":false,"_monsterinsights_sitenote_note":"","_monsterinsights_sitenote_category":0,"_uf_show_specific_survey":0,"_uf_disable_surveys":false,"site-sidebar-layout":"default","site-content-layout":"","ast-site-content-layout":"default","site-content-style":"default","site-sidebar-style":"default","ast-global-header-display":"","ast-banner-title-visibility":"","ast-main-header-display":"","ast-hfb-above-header-display":"","ast-hfb-below-header-display":"","ast-hfb-mobile-header-display":"","site-post-title":"","ast-breadcrumbs-content":"","ast-featured-img":"","footer-sml-layout":"","ast-disable-related-posts":"","theme-transparent-header-meta":"default","adv-header-id-meta":"","stick-header-meta":"","header-above-stick-meta":"","header-main-stick-meta":"","header-below-stick-meta":"","astra-migrate-meta-layouts":"default","ast-page-background-enabled":"default","ast-page-background-meta":{"desktop":{"background-color":"var(--ast-global-color-5)","background-image":"","background-repeat":"repeat","background-position":"center center","background-size":"auto","background-attachment":"scroll","background-type":"","background-media":"","overlay-type":"","overlay-color":"","overlay-opacity":"","overlay-gradient":""},"tablet":{"background-color":"","background-image":"","background-repeat":"repeat","background-position":"center center","background-size":"auto","background-attachment":"scroll","background-type":"","background-media":"","overlay-type":"","overlay-color":"","overlay-opacity":"","overlay-gradient":""},"mobile":{"background-color":"","background-image":"","background-repeat":"repeat","background-position":"center center","background-size":"auto","background-attachment":"scroll","background-type":"","background-media":"","overlay-type":"","overlay-color":"","overlay-opacity":"","overlay-gradient":""}},"ast-content-background-meta":{"desktop":{"background-color":"var(--ast-global-color-4)","background-image":"","background-repeat":"repeat","background-position":"center center","background-size":"auto","background-attachment":"scroll","background-type":"","background-media":"","overlay-type":"","overlay-color":"","overlay-opacity":"","overlay-gradient":""},"tablet":{"background-color":"var(--ast-global-color-4)","background-image":"","background-repeat":"repeat","background-position":"center center","background-size":"auto","background-attachment":"scroll","background-type":"","background-media":"","overlay-type":"","overlay-color":"","overlay-opacity":"","overlay-gradient":""},"mobile":{"background-color":"var(--ast-global-color-4)","background-image":"","background-repeat":"repeat","background-position":"center center","background-size":"auto","background-attachment":"scroll","background-type":"","background-media":"","overlay-type":"","overlay-color":"","overlay-opacity":"","overlay-gradient":""}},"footnotes":""},"class_list":["post-2889","page","type-page","status-publish","hentry"],"aioseo_notices":[],"uagb_featured_image_src":{"full":false,"thumbnail":false,"medium":false,"medium_large":false,"large":false,"1536x1536":false,"2048x2048":false},"uagb_author_info":{"display_name":"deraadministration","author_link":"https:\/\/www.dera-security.ch\/it\/author\/deraadministration\/"},"uagb_comment_info":0,"uagb_excerpt":"Si faccia accompagnare professionalmente da esperti autisti VIP in Svizzera e si goda un esclusivo servizio di chauffeur di altissimo [&hellip;]","publishpress_future_action":{"enabled":false,"date":"2026-05-11 10:24:50","action":"change-status","newStatus":"draft","terms":[],"taxonomy":"translation_priority","extraData":[]},"publishpress_future_workflow_manual_trigger":{"enabledWorkflows":[]},"_links":{"self":[{"href":"https:\/\/www.dera-security.ch\/it\/wp-json\/wp\/v2\/pages\/2889","targetHints":{"allow":["GET"]}}],"collection":[{"href":"https:\/\/www.dera-security.ch\/it\/wp-json\/wp\/v2\/pages"}],"about":[{"href":"https:\/\/www.dera-security.ch\/it\/wp-json\/wp\/v2\/types\/page"}],"author":[{"embeddable":true,"href":"https:\/\/www.dera-security.ch\/it\/wp-json\/wp\/v2\/users\/3"}],"replies":[{"embeddable":true,"href":"https:\/\/www.dera-security.ch\/it\/wp-json\/wp\/v2\/comments?post=2889"}],"version-history":[{"count":7,"href":"https:\/\/www.dera-security.ch\/it\/wp-json\/wp\/v2\/pages\/2889\/revisions"}],"predecessor-version":[{"id":3715,"href":"https:\/\/www.dera-security.ch\/it\/wp-json\/wp\/v2\/pages\/2889\/revisions\/3715"}],"up":[{"embeddable":true,"href":"https:\/\/www.dera-security.ch\/it\/wp-json\/wp\/v2\/pages\/2869"}],"wp:attachment":[{"href":"https:\/\/www.dera-security.ch\/it\/wp-json\/wp\/v2\/media?parent=2889"}],"curies":[{"name":"wp","href":"https:\/\/api.w.org\/{rel}","templated":true}]}}